{"id":17695,"date":"2016-04-27T10:24:25","date_gmt":"2016-04-27T10:24:25","guid":{"rendered":"http:\/\/rnbtheme.com\/corporate_first\/?page_id=17695"},"modified":"2020-12-19T19:09:45","modified_gmt":"2020-12-19T23:09:45","slug":"our-team","status":"publish","type":"page","link":"https:\/\/newtechsistemas.com\/?page_id=17695","title":{"rendered":"Qui\u00e9nes Somos"},"content":{"rendered":"<p>[vc_row dfd_enable_overlay=&#8221;&#8221; dfd_row_config=&#8221;full_width_content&#8221; css=&#8221;.vc_custom_1608379289358{border-bottom-width: 1px !important;border-bottom-color: #e0e0e0 !important;border-bottom-style: solid !important;}&#8221;][vc_column width=&#8221;1\/2&#8243; el_class=&#8221;dfd_col-tablet-12&#8243; offset=&#8221;vc_col-lg-6 vc_col-md-12 vc_col-xs-12&#8243;]<div id=\"dfd-single-image-module69e37b015ddf7-919\" class=\"dfd-single-image-module  image-center  dfd-img-lazy-load\" ><img loading=\"lazy\" decoding=\"async\" src=\"data:image\/svg+xml;charset=utf-8,%3Csvg xmlns%3D'http%3A%2F%2Fwww.w3.org%2F2000%2Fsvg' viewBox%3D'0 0 918 925'%2F%3E\" data-src=\"https:\/\/newtechsistemas.com\/wp-content\/uploads\/2020\/12\/about.jpg\" width=\"918\" height=\"925\"  alt=\"Image module\" \/><\/div>[\/vc_column][vc_column width=&#8221;1\/2&#8243; dfd_column_responsive_enable=&#8221;dfd-column-responsive-enable&#8221; css=&#8221;.vc_custom_1505224264392{padding-right: 8% !important;padding-left: 2% !important;}&#8221; el_class=&#8221;dfd_col-tablet-12 custom-change-padding custom-remove-padding1500 custom-change-spacer&#8221; offset=&#8221;vc_col-lg-6 vc_col-md-12 vc_col-xs-12&#8243; responsive_styles=&#8221;padding_left_desktop:30|padding_right_desktop:30|padding_left_tablet:30|padding_right_tablet:30|padding_left_mobile:20|padding_right_mobile:20&#8243;]<div class=\"dfd-spacer-module\"  data-units=\"px\" data-wide_resolution=\"1280\" data-wide_size=\"150\" data-normal_resolution=\"1024\" data-normal_size=\"110\" data-tablet_resolution=\"800\" data-tablet_size=\"100\" data-mobile_resolution=\"480\" data-mobile_size=\"90\" style=\"height: 150px;\"><\/div><div class=\"dfd-heading-shortcode\"><div class=\"dfd-heading-module-wrap  text-left style_02 dfd-heading-69e37b015df00 dfd-disable-resposive-headings\" id=\"dfd-heading-69e37b015df00\" ><div class=\"inline-block\"><div class=\"dfd-heading-module\"><h5 class=\"widget-sub-title dfd-sub-title \" style=\"font-size: 15px; color: #2b2b2b !important; letter-spacing: 5px; \">25 a\u00f1os al servicio de nuestros clientes<\/h5><h1 class=\"widget-title dfd-title \" style=\"color: #2b2b2b !important; line-height: 65px; \">El mejor equipo<br \/>\nde <span style=\"color: #00b1e2;\"><i>profesionales<\/i><\/span><\/h1><\/div><\/div><\/div><script type=\"text\/javascript\">\r\n\t\t\t\t\t\t\t\t\t(function($) {\r\n\t\t\t\t\t\t\t\t\t\t$(\"head\").append(\"<style>.dfd-heading-69e37b015df00.dfd-heading-module-wrap .dfd-heading-module .dfd-heading-delimiter {margin-top:10px;margin-bottom:10px;}@media (max-width: 799px){.dfd-heading-69e37b015df00 .dfd-title{font-size: 30px !important;line-height: 38px !important;}}@media (max-width: 799px){.dfd-heading-69e37b015df00 .dfd-sub-title{line-height: 22px !important;}}<\/style>\");\r\n\t\t\t\t\t\t\t\t\t})(jQuery);\r\n\t\t\t\t\t\t\t\t<\/script><\/div><div class=\"dfd-spacer-module\"  data-units=\"px\" data-wide_resolution=\"1280\" data-wide_size=\"30\" data-normal_resolution=\"1024\" data-normal_size=\"30\" data-tablet_resolution=\"800\" data-tablet_size=\"30\" data-mobile_resolution=\"480\" data-mobile_size=\"30\" style=\"height: 30px;\"><\/div>[vc_column_text item_animation=&#8221;transition.slideRightIn&#8221;]Somos <strong><span style=\"color: #00b1e2;\">Newtech Sistemas<\/span><\/strong>, una Compa\u00f1\u00eda experta en tecnolog\u00eda de alcance internacional, l\u00edder en ofrecer soluciones y servicios de alto valor agregado para las compa\u00f1\u00edas que se desempe\u00f1an en actividades econ\u00f3micas de los sectores Banca, Seguros y Servicios Financieros, Seguridad Inform\u00e1tica, Industria Manufacturera, Administraci\u00f3n P\u00fablica Nacional, Laboratorios y Salud.<\/p>\n<p>Nuestra experiencia con m\u00e1s de 25 a\u00f1os trabajando con \u00e9xito para diversos clientes a nivel nacional y del caribe. Nuestro capital humano est\u00e1 conformado por un equipo de profesionales exitosos y de amplia experiencia t\u00e9cnica, que se adaptan plenamente a las medidas de las necesidades y requerimientos de nuestros clientes.<\/p>\n<p>Proporcionamos soluciones en Tecnolog\u00edas de la Informaci\u00f3n (TI) y estamos especializados en que la innovaci\u00f3n financiera est\u00e9 a la vanguardia de las \u00faltimas tendencias que el mercado demanda.[\/vc_column_text]<div class=\"dfd-spacer-module\"  data-units=\"px\" data-wide_resolution=\"1280\" data-wide_size=\"50\" data-normal_resolution=\"1024\" data-normal_size=\"50\" data-tablet_resolution=\"800\" data-tablet_size=\"30\" data-mobile_resolution=\"480\" data-mobile_size=\"30\" style=\"height: 50px;\"><\/div>[\/vc_column][\/vc_row][vc_row][vc_column]<div class=\"dfd-spacer-module\"  data-units=\"px\" data-wide_resolution=\"1280\" data-wide_size=\"50\" data-normal_resolution=\"1024\" data-normal_size=\"40\" data-tablet_resolution=\"800\" data-tablet_size=\"30\" data-mobile_resolution=\"480\" data-mobile_size=\"25\" style=\"height: 50px;\"><\/div>[\/vc_column][\/vc_row][vc_row bg_check=&#8221;row-background-dark&#8221; dfd_bg_style=&#8221;image&#8221; dfd_bg_image_new=&#8221;18184&#8243; dfd_bg_image_repeat=&#8221;no-repeat&#8221; dfd_row_config=&#8221;full_width_content&#8221;][vc_column]<div class=\"dfd-spacer-module\"  data-units=\"px\" data-wide_resolution=\"1280\" data-wide_size=\"100\" data-normal_resolution=\"1024\" data-normal_size=\"90\" data-tablet_resolution=\"800\" data-tablet_size=\"75\" data-mobile_resolution=\"480\" data-mobile_size=\"60\" style=\"height: 100px;\"><\/div>[vc_row_inner inner_row_bg_position=&#8221;center center&#8221; css=&#8221;.vc_custom_1608405914856{border-top-width: 3px !important;border-right-width: 3px !important;border-bottom-width: 3px !important;border-left-width: 3px !important;padding-right: 10% !important;padding-left: 10% !important;}&#8221;][vc_column_inner width=&#8221;1\/2&#8243; css=&#8221;.vc_custom_1608405975450{border-top-width: 3px !important;border-right-width: 3px !important;border-bottom-width: 3px !important;border-left-width: 3px !important;padding-right: 10% !important;padding-left: 10% !important;background-color: rgba(0,0,0,0.75) !important;*background-color: rgb(0,0,0) !important;border-left-color: rgba(0,0,0,0.75) !important;border-right-color: rgba(0,0,0,0.75) !important;border-top-color: rgba(0,0,0,0.75) !important;border-bottom-color: rgba(0,0,0,0.75) !important;}&#8221; col_inner_shadow=&#8221;box_shadow_enable:disable|shadow_horizontal:0|shadow_vertical:15|shadow_blur:50|shadow_spread:0|box_shadow_color:rgba(0%2C0%2C0%2C0.35)&#8221; col_inner_shadow_hover=&#8221;box_shadow_enable:disable|shadow_horizontal:0|shadow_vertical:15|shadow_blur:50|shadow_spread:0|box_shadow_color:rgba(0%2C0%2C0%2C0.35)&#8221;]<div class=\"dfd-spacer-module\"  data-units=\"px\" data-wide_resolution=\"1280\" data-wide_size=\"50\" data-normal_resolution=\"1024\" data-normal_size=\"50\" data-tablet_resolution=\"800\" data-tablet_size=\"30\" data-mobile_resolution=\"480\" data-mobile_size=\"30\" style=\"height: 50px;\"><\/div><div class=\"dfd-heading-shortcode\"><div class=\"dfd-heading-module-wrap  text-center style_01 dfd-heading-69e37b015e2a5 dfd-disable-resposive-headings\" id=\"dfd-heading-69e37b015e2a5\" ><div class=\"inline-block\"><div class=\"dfd-heading-module\"><h5 class=\"widget-title dfd-title \" style=\"color: #ffffff !important; \"><strong>Misi\u00f3n<\/strong><\/h5><div class=\"dfd-heading-delimiter dfd-img-lazy-load\"><\/div><\/div><\/div><\/div><script type=\"text\/javascript\">\r\n\t\t\t\t\t\t\t\t\t(function($) {\r\n\t\t\t\t\t\t\t\t\t\t$(\"head\").append(\"<style>.dfd-heading-69e37b015e2a5.dfd-heading-module-wrap .dfd-heading-module .dfd-heading-delimiter {border-bottom-style:solid;border-bottom-width:1px;width:100px;border-bottom-color:#dddddd;}.dfd-heading-69e37b015e2a5.dfd-heading-module-wrap .dfd-heading-module .dfd-heading-delimiter {margin-top:10px;margin-bottom:10px;}<\/style>\");\r\n\t\t\t\t\t\t\t\t\t})(jQuery);\r\n\t\t\t\t\t\t\t\t<\/script><\/div><div class=\"dfd-spacer-module\"  data-units=\"px\" data-wide_resolution=\"1280\" data-wide_size=\"10\" data-normal_resolution=\"1024\" data-normal_size=\"\" data-tablet_resolution=\"800\" data-tablet_size=\"\" data-mobile_resolution=\"480\" data-mobile_size=\"\" style=\"height: 10px;\"><\/div>[vc_column_text]Ofrecer Servicios y soluciones de Alta Calidad en el \u00e1rea de tecnolog\u00eda de la informaci\u00f3n, que generen Valor al Negocio de nuestros clientes, principalmente el sector bancario y asegurador, en un Entorno Innovador Basado en las Mejores Pr\u00e1cticas y M\u00e1s Altos Est\u00e1ndares Metodol\u00f3gicos del Mercado.[\/vc_column_text]<div class=\"dfd-spacer-module\"  data-units=\"px\" data-wide_resolution=\"1280\" data-wide_size=\"50\" data-normal_resolution=\"1024\" data-normal_size=\"50\" data-tablet_resolution=\"800\" data-tablet_size=\"30\" data-mobile_resolution=\"480\" data-mobile_size=\"30\" style=\"height: 50px;\"><\/div>[\/vc_column_inner][vc_column_inner width=&#8221;1\/2&#8243; css=&#8221;.vc_custom_1608406022446{border-top-width: 3px !important;border-bottom-width: 3px !important;border-left-width: 3px !important;padding-right: 10% !important;padding-left: 10% !important;background-color: rgba(0,0,0,0.75) !important;*background-color: rgb(0,0,0) !important;border-left-color: rgba(0,0,0,0.75) !important;border-top-color: rgba(0,0,0,0.75) !important;border-bottom-color: rgba(0,0,0,0.75) !important;}&#8221; col_inner_shadow=&#8221;box_shadow_enable:disable|shadow_horizontal:0|shadow_vertical:15|shadow_blur:50|shadow_spread:0|box_shadow_color:rgba(0%2C0%2C0%2C0.35)&#8221; col_inner_shadow_hover=&#8221;box_shadow_enable:disable|shadow_horizontal:0|shadow_vertical:15|shadow_blur:50|shadow_spread:0|box_shadow_color:rgba(0%2C0%2C0%2C0.35)&#8221;]<div class=\"dfd-spacer-module\"  data-units=\"px\" data-wide_resolution=\"1280\" data-wide_size=\"50\" data-normal_resolution=\"1024\" data-normal_size=\"50\" data-tablet_resolution=\"800\" data-tablet_size=\"30\" data-mobile_resolution=\"480\" data-mobile_size=\"30\" style=\"height: 50px;\"><\/div><div class=\"dfd-heading-shortcode\"><div class=\"dfd-heading-module-wrap  text-center style_01 dfd-heading-69e37b015e475 dfd-disable-resposive-headings\" id=\"dfd-heading-69e37b015e475\" ><div class=\"inline-block\"><div class=\"dfd-heading-module\"><h5 class=\"widget-title dfd-title \" style=\"color: #ffffff !important; \"><strong>Visi\u00f3n<\/strong><\/h5><div class=\"dfd-heading-delimiter dfd-img-lazy-load\"><\/div><\/div><\/div><\/div><script type=\"text\/javascript\">\r\n\t\t\t\t\t\t\t\t\t(function($) {\r\n\t\t\t\t\t\t\t\t\t\t$(\"head\").append(\"<style>.dfd-heading-69e37b015e475.dfd-heading-module-wrap .dfd-heading-module .dfd-heading-delimiter {border-bottom-style:solid;border-bottom-width:1px;width:100px;border-bottom-color:#dddddd;}.dfd-heading-69e37b015e475.dfd-heading-module-wrap .dfd-heading-module .dfd-heading-delimiter {margin-top:10px;margin-bottom:10px;}<\/style>\");\r\n\t\t\t\t\t\t\t\t\t})(jQuery);\r\n\t\t\t\t\t\t\t\t<\/script><\/div><div class=\"dfd-spacer-module\"  data-units=\"px\" data-wide_resolution=\"1280\" data-wide_size=\"10\" data-normal_resolution=\"1024\" data-normal_size=\"\" data-tablet_resolution=\"800\" data-tablet_size=\"\" data-mobile_resolution=\"480\" data-mobile_size=\"\" style=\"height: 10px;\"><\/div>[vc_column_text]Ser la Empresa L\u00edder, en Latinoam\u00e9rica y el caribe de Tecnolog\u00eda de la Informaci\u00f3n. Reconocida por brindar respaldo y servicios de excelente calidad, adapt\u00e1ndonos a las nuevas Tendencias. Siempre comprometidos en ofrecer la soluciones a nuestros clientes de forma transparente, eficaz y oportuna.[\/vc_column_text]<div class=\"dfd-spacer-module\"  data-units=\"px\" data-wide_resolution=\"1280\" data-wide_size=\"50\" data-normal_resolution=\"1024\" data-normal_size=\"50\" data-tablet_resolution=\"800\" data-tablet_size=\"30\" data-mobile_resolution=\"480\" data-mobile_size=\"30\" style=\"height: 50px;\"><\/div>[\/vc_column_inner][\/vc_row_inner]<div class=\"dfd-spacer-module\"  data-units=\"px\" data-wide_resolution=\"1280\" data-wide_size=\"100\" data-normal_resolution=\"1024\" data-normal_size=\"90\" data-tablet_resolution=\"800\" data-tablet_size=\"75\" data-mobile_resolution=\"480\" data-mobile_size=\"60\" style=\"height: 100px;\"><\/div>[\/vc_column][\/vc_row][vc_row][vc_column]<div class=\"dfd-spacer-module\"  data-units=\"px\" data-wide_resolution=\"1280\" data-wide_size=\"40\" data-normal_resolution=\"1024\" data-normal_size=\"40\" data-tablet_resolution=\"800\" data-tablet_size=\"30\" data-mobile_resolution=\"480\" data-mobile_size=\"30\" style=\"height: 40px;\"><\/div>[\/vc_column][\/vc_row][vc_row][vc_column]<div class=\"dfd-spacer-module\"  data-units=\"px\" data-wide_resolution=\"1280\" data-wide_size=\"30\" data-normal_resolution=\"1024\" data-normal_size=\"30\" data-tablet_resolution=\"800\" data-tablet_size=\"10\" data-mobile_resolution=\"480\" data-mobile_size=\"10\" style=\"height: 30px;\"><\/div><div class=\"dfd-heading-shortcode\"><div class=\"dfd-heading-module-wrap  text-center style_01 dfd-heading-69e37b015e6a6 dfd-disable-resposive-headings\" id=\"dfd-heading-69e37b015e6a6\" ><div class=\"inline-block\"><div class=\"dfd-heading-module\"><h1 class=\"widget-title dfd-title \" style=\"\">Nuestros <span style=\"color: #00b1e2;\">Valores<\/span><\/h1><div class=\"dfd-heading-delimiter dfd-img-lazy-load\"><\/div><\/div><\/div><\/div><script type=\"text\/javascript\">\r\n\t\t\t\t\t\t\t\t\t(function($) {\r\n\t\t\t\t\t\t\t\t\t\t$(\"head\").append(\"<style>.dfd-heading-69e37b015e6a6.dfd-heading-module-wrap .dfd-heading-module .dfd-heading-delimiter {border-bottom-style:solid;border-bottom-width:1px;width:100px;border-bottom-color:#dddddd;}.dfd-heading-69e37b015e6a6.dfd-heading-module-wrap .dfd-heading-module .dfd-heading-delimiter {margin-top:10px;margin-bottom:10px;}<\/style>\");\r\n\t\t\t\t\t\t\t\t\t})(jQuery);\r\n\t\t\t\t\t\t\t\t<\/script><\/div><div class=\"dfd-spacer-module\"  data-units=\"px\" data-wide_resolution=\"1280\" data-wide_size=\"30\" data-normal_resolution=\"1024\" data-normal_size=\"30\" data-tablet_resolution=\"800\" data-tablet_size=\"10\" data-mobile_resolution=\"480\" data-mobile_size=\"10\" style=\"height: 30px;\"><\/div><div class=\"dfd-service-module-wrap \"><ul class=\"dfd-service-list dfd-mobile-keep-height clearfix quarter-width-elements\"><li class=\"dfd-service-item \"  style=\"\"><div class=\"dfd-service-item  style-01  hover-01  \" ><div class=\"dfd-service-front dfd-equalize-height\" style=\"\"><div class=\"dfd-service-front-wrap dfd-vertical-aligned \"><div class=\"module-icon\"><i class=\"featured-icon \" style=\"opacity:1;\" ><\/i><\/div><div class=\"content-wrapper\"><div class=\"info-banner-title feature-title\" style=\"\">Excelencia<\/div><\/div><\/div><\/div><div class=\"dfd-service-description dfd-service-back dfd-equalize-height\" style=\"\"><div class=\"description dfd-vertical-aligned\" style=\"\"><p>La Excelencia es un estilo de vida, y debe practicarse en todas las \u00e1reas.<\/p>\n<\/div><\/div><\/div><\/li><li class=\"dfd-service-item \"  style=\"\"><div class=\"dfd-service-item  style-01  hover-01  \" ><div class=\"dfd-service-front dfd-equalize-height\" style=\"\"><div class=\"dfd-service-front-wrap dfd-vertical-aligned \"><div class=\"module-icon\"><i class=\"featured-icon \" style=\"opacity:1;\" ><\/i><\/div><div class=\"content-wrapper\"><div class=\"info-banner-title feature-title\" style=\"\">Honestidad<\/div><\/div><\/div><\/div><div class=\"dfd-service-description dfd-service-back dfd-equalize-height\" style=\"\"><div class=\"description dfd-vertical-aligned\" style=\"\"><p>No existe nada m\u00e1s eficiente que la honestidad, ni nada m\u00e1s poderoso.<\/p>\n<\/div><\/div><\/div><\/li><li class=\"dfd-service-item \"  style=\"\"><div class=\"dfd-service-item  style-01  hover-01  \" ><div class=\"dfd-service-front dfd-equalize-height\" style=\"\"><div class=\"dfd-service-front-wrap dfd-vertical-aligned \"><div class=\"module-icon\"><i class=\"featured-icon \" style=\"opacity:1;\" ><\/i><\/div><div class=\"content-wrapper\"><div class=\"info-banner-title feature-title\" style=\"\">Calidad de Servicio<\/div><\/div><\/div><\/div><div class=\"dfd-service-description dfd-service-back dfd-equalize-height\" style=\"\"><div class=\"description dfd-vertical-aligned\" style=\"\"><p>La calidad es nuestra mejor garant\u00eda y el \u00fanico camino hacia el crecimiento.<\/p>\n<\/div><\/div><\/div><\/li><li class=\"dfd-service-item \"  style=\"\"><div class=\"dfd-service-item  style-01  hover-01  \" ><div class=\"dfd-service-front dfd-equalize-height\" style=\"\"><div class=\"dfd-service-front-wrap dfd-vertical-aligned \"><div class=\"module-icon\"><i class=\"featured-icon \" style=\"opacity:1;\" ><\/i><\/div><div class=\"content-wrapper\"><div class=\"info-banner-title feature-title\" style=\"\">Puntualidad<\/div><\/div><\/div><\/div><div class=\"dfd-service-description dfd-service-back dfd-equalize-height\" style=\"\"><div class=\"description dfd-vertical-aligned\" style=\"\"><p>La puntualidad es el respeto hacia el tiempo de los dem\u00e1s.<\/p>\n<\/div><\/div><\/div><\/li><\/ul><\/div><div class=\"dfd-spacer-module\"  data-units=\"px\" data-wide_resolution=\"1280\" data-wide_size=\"30\" data-normal_resolution=\"1024\" data-normal_size=\"30\" data-tablet_resolution=\"800\" data-tablet_size=\"10\" data-mobile_resolution=\"480\" data-mobile_size=\"10\" style=\"height: 30px;\"><\/div><div class=\"dfd-service-module-wrap \"><ul class=\"dfd-service-list dfd-mobile-keep-height clearfix quarter-width-elements\"><li class=\"dfd-service-item \"  style=\"\"><div class=\"dfd-service-item  style-01  hover-01  \" ><div class=\"dfd-service-front dfd-equalize-height\" style=\"\"><div class=\"dfd-service-front-wrap dfd-vertical-aligned \"><div class=\"module-icon\"><i class=\"featured-icon \" style=\"opacity:1;\" ><\/i><\/div><div class=\"content-wrapper\"><div class=\"info-banner-title feature-title\" style=\"\">Compromiso<\/div><\/div><\/div><\/div><div class=\"dfd-service-description dfd-service-back dfd-equalize-height\" style=\"\"><div class=\"description dfd-vertical-aligned\" style=\"\"><p>Cuando est\u00e1s comprometido con algo no aceptas excusas, solo resultados.<\/p>\n<\/div><\/div><\/div><\/li><li class=\"dfd-service-item \"  style=\"\"><div class=\"dfd-service-item  style-01  hover-01  \" ><div class=\"dfd-service-front dfd-equalize-height\" style=\"\"><div class=\"dfd-service-front-wrap dfd-vertical-aligned \"><div class=\"module-icon\"><i class=\"featured-icon \" style=\"opacity:1;\" ><\/i><\/div><div class=\"content-wrapper\"><div class=\"info-banner-title feature-title\" style=\"\">Adaptabilidad<\/div><\/div><\/div><\/div><div class=\"dfd-service-description dfd-service-back dfd-equalize-height\" style=\"\"><div class=\"description dfd-vertical-aligned\" style=\"\"><p>La inteligencia es la habilidad de adaptarse a las circunstancias.<\/p>\n<\/div><\/div><\/div><\/li><li class=\"dfd-service-item \"  style=\"\"><div class=\"dfd-service-item  style-01  hover-01  \" ><div class=\"dfd-service-front dfd-equalize-height\" style=\"\"><div class=\"dfd-service-front-wrap dfd-vertical-aligned \"><div class=\"module-icon\"><i class=\"featured-icon \" style=\"opacity:1;\" ><\/i><\/div><div class=\"content-wrapper\"><div class=\"info-banner-title feature-title\" style=\"\">Solidaridad<\/div><\/div><\/div><\/div><div class=\"dfd-service-description dfd-service-back dfd-equalize-height\" style=\"\"><div class=\"description dfd-vertical-aligned\" style=\"\"><p>Tenemos la firme determinaci\u00f3n de actuar por el bien com\u00fan.<\/p>\n<\/div><\/div><\/div><\/li><li class=\"dfd-service-item \"  style=\"\"><div class=\"dfd-service-item  style-01  hover-01  \" ><div class=\"dfd-service-front dfd-equalize-height\" style=\"\"><div class=\"dfd-service-front-wrap dfd-vertical-aligned \"><div class=\"module-icon\"><i class=\"featured-icon \" style=\"opacity:1;\" ><\/i><\/div><div class=\"content-wrapper\"><div class=\"info-banner-title feature-title\" style=\"\">Sentido de pertenencia<\/div><\/div><\/div><\/div><div class=\"dfd-service-description dfd-service-back dfd-equalize-height\" style=\"\"><div class=\"description dfd-vertical-aligned\" style=\"\"><p>Sentido de pertenencia es amar cada proyecto que desempe\u00f1amos.<\/p>\n<\/div><\/div><\/div><\/li><\/ul><\/div><div class=\"dfd-spacer-module\"  data-units=\"px\" data-wide_resolution=\"1280\" data-wide_size=\"10\" data-normal_resolution=\"1024\" data-normal_size=\"\" data-tablet_resolution=\"800\" data-tablet_size=\"\" data-mobile_resolution=\"480\" data-mobile_size=\"\" style=\"height: 10px;\"><\/div>[\/vc_column][\/vc_row][vc_row][vc_column]<div class=\"dfd-spacer-module\"  data-units=\"px\" data-wide_resolution=\"1280\" data-wide_size=\"10\" data-normal_resolution=\"1024\" data-normal_size=\"\" data-tablet_resolution=\"800\" data-tablet_size=\"\" data-mobile_resolution=\"480\" data-mobile_size=\"\" style=\"height: 10px;\"><\/div>[\/vc_column][\/vc_row]<\/p>\n","protected":false},"excerpt":{"rendered":"<p>[vc_row dfd_enable_overlay=&#8221;&#8221; dfd_row_config=&#8221;full_width_content&#8221; css=&#8221;.vc_custom_1608379289358{border-bottom-width: 1px !important;border-bottom-color: #e0e0e0 !important;border-bottom-style: solid !important;}&#8221;][vc_column width=&#8221;1\/2&#8243; el_class=&#8221;dfd_col-tablet-12&#8243; offset=&#8221;vc_col-lg-6 vc_col-md-12 vc_col-xs-12&#8243;][\/vc_column][vc_column width=&#8221;1\/2&#8243; dfd_column_responsive_enable=&#8221;dfd-column-responsive-enable&#8221; css=&#8221;.vc_custom_1505224264392{padding-right: 8% !important;padding-left: 2% !important;}&#8221; el_class=&#8221;dfd_col-tablet-12 custom-change-padding custom-remove-padding1500 custom-change-spacer&#8221; offset=&#8221;vc_col-lg-6 vc_col-md-12 vc_col-xs-12&#8243; responsive_styles=&#8221;padding_left_desktop:30|padding_right_desktop:30|padding_left_tablet:30|padding_right_tablet:30|padding_left_mobile:20|padding_right_mobile:20&#8243;][vc_column_text<\/p>\n","protected":false},"author":1,"featured_media":0,"parent":0,"menu_order":0,"comment_status":"closed","ping_status":"closed","template":"page-custom-with-header.php","meta":{"footnotes":""},"class_list":["post-17695","page","type-page","status-publish","hentry"],"_links":{"self":[{"href":"https:\/\/newtechsistemas.com\/index.php?rest_route=\/wp\/v2\/pages\/17695","targetHints":{"allow":["GET"]}}],"collection":[{"href":"https:\/\/newtechsistemas.com\/index.php?rest_route=\/wp\/v2\/pages"}],"about":[{"href":"https:\/\/newtechsistemas.com\/index.php?rest_route=\/wp\/v2\/types\/page"}],"author":[{"embeddable":true,"href":"https:\/\/newtechsistemas.com\/index.php?rest_route=\/wp\/v2\/users\/1"}],"replies":[{"embeddable":true,"href":"https:\/\/newtechsistemas.com\/index.php?rest_route=%2Fwp%2Fv2%2Fcomments&post=17695"}],"version-history":[{"count":25,"href":"https:\/\/newtechsistemas.com\/index.php?rest_route=\/wp\/v2\/pages\/17695\/revisions"}],"predecessor-version":[{"id":18204,"href":"https:\/\/newtechsistemas.com\/index.php?rest_route=\/wp\/v2\/pages\/17695\/revisions\/18204"}],"wp:attachment":[{"href":"https:\/\/newtechsistemas.com\/index.php?rest_route=%2Fwp%2Fv2%2Fmedia&parent=17695"}],"curies":[{"name":"wp","href":"https:\/\/api.w.org\/{rel}","templated":true}]}}